{"id":1855,"date":"2025-06-01T19:21:30","date_gmt":"2025-06-01T19:21:30","guid":{"rendered":"https:\/\/hesp.pl\/?post_type=product&#038;p=1855"},"modified":"2025-06-02T17:05:25","modified_gmt":"2025-06-02T17:05:25","slug":"ezarri-2522-b-25","status":"publish","type":"product","link":"https:\/\/hesp.pl\/de\/produkt\/ezarri-2522-b-25\/","title":{"rendered":"Ezarri 2522-B 25"},"content":{"rendered":"<h3 data-sourcepos=\"9:1-9:77\">Ezarri 2522-B 25: Odkryj Subtelny Urok &#8222;Brudnej Bieli&#8220; w Szklanej Mozaice<\/h3>\n<p data-sourcepos=\"11:1-11:533\">Wprowad\u017a do swojej przestrzeni nowoczesn\u0105 elegancj\u0119 i subtelny blask z <strong>mozaik\u0105 szklan\u0105 Ezarri 2522-B 25<\/strong>. To wyj\u0105tkowy model, charakteryzuj\u0105cy si\u0119 pi\u0119knym odcieniem <strong>zgaszonej, &#8222;brudnej&#8220; bieli<\/strong>, kt\u00f3ra tworzy wra\u017cenie mi\u0119kkiego, rozproszonego \u015bwiat\u0142a, idealnie harmonizuj\u0105c z naturalnymi materia\u0142ami i nowoczesnymi aran\u017cacjami. <strong>Ezarri<\/strong>, lider w produkcji mozaik szklanych, gwarantuje, \u017ce model 2522-B 25 to synonim najwy\u017cszej <strong>jako\u015bci, wyj\u0105tkowej trwa\u0142o\u015bci i designu<\/strong>, kt\u00f3ry subtelnie podkre\u015bli charakter ka\u017cdej przestrzeni.<\/p>\n<hr data-sourcepos=\"13:1-13:3\" \/>\n<h3 data-sourcepos=\"15:1-15:61\">Wyj\u0105tkowo\u015b\u0107 Ezarri 2522-B 25 \u2013 Dlaczego To Idealny Wyb\u00f3r?<\/h3>\n<p data-sourcepos=\"17:1-17:77\">Co sprawia, \u017ce mozaika Ezarri 2522-B 25 wyr\u00f3\u017cnia si\u0119 na tle innych rozwi\u0105za\u0144?<\/p>\n<ul data-sourcepos=\"19:1-23:0\">\n<li data-sourcepos=\"19:1-19:400\"><strong>Elegancka &#8222;Brudna Biel&#8220;:<\/strong> Ka\u017cda kostka o wymiarze 2,5&#215;2,5 cm to obietnica stworzenia spokojnej i eleganckiej powierzchni. Ten unikalny odcie\u0144 bieli, kt\u00f3ry nie jest czysto \u015bnie\u017cny, lecz delikatnie z\u0142amany, wnosi do wn\u0119trz ciep\u0142o i mi\u0119kko\u015b\u0107, jednocze\u015bnie zachowuj\u0105c \u015bwie\u017co\u015b\u0107 i optycznie powi\u0119kszaj\u0105c przestrze\u0144. Idealnie komponuje si\u0119 zar\u00f3wno z minimalistycznymi, jak i bardziej z\u0142o\u017conymi stylami.<\/li>\n<li data-sourcepos=\"20:1-20:475\"><strong>Niezawodna Trwa\u0142o\u015b\u0107 Ezarri:<\/strong> Wykonana z <strong>najwy\u017cszej jako\u015bci szk\u0142a, w 98% pochodz\u0105cego z recyklingu<\/strong>, mozaika 2522-B 25 jest niezwykle odporna na wilgo\u0107, chlor, promieniowanie UV i gwa\u0142towne zmiany temperatur. Dzi\u0119ki temu doskonale sprawdzi si\u0119 w najbardziej wymagaj\u0105cych warunkach \u2013 w <strong>basenach, strefach SPA, \u0142azienkach, kuchniach<\/strong>, a tak\u017ce jako elegancki element dekoracyjny w salonach czy przedpokojach. Dost\u0119pna jest r\u00f3wnie\u017c w wersji antypo\u015blizgowej &#8222;Safe Step&#8220;.<\/li>\n<li data-sourcepos=\"21:1-21:384\"><strong>Rewolucyjny System JointPoint\u00ae:<\/strong> Ezarri stosuje innowacyjne mocowanie JointPoint\u00ae, kt\u00f3re zapewnia a\u017c <strong>90% powierzchni styku z klejem<\/strong>. Gwarantuje to nie tylko \u0142atwiejszy i szybszy monta\u017c (nawet do 25% kr\u00f3cej ni\u017c przy systemach na papierze czy siatce), ale przede wszystkim <strong>maksymaln\u0105 przyczepno\u015b\u0107 i stabilno\u015b\u0107<\/strong> mozaiki przez d\u0142ugie lata, minimalizuj\u0105c ryzyko jej odklejenia.<\/li>\n<li data-sourcepos=\"22:1-23:0\"><strong>Ekologiczna Odpowiedzialno\u015b\u0107:<\/strong> Wybieraj\u0105c Ezarri 2522-B 25, inwestujesz w produkt, kt\u00f3ry jest nie tylko estetyczny, ale i przyjazny dla \u015brodowiska. Wykorzystanie szk\u0142a z recyklingu to dow\u00f3d, \u017ce luksus mo\u017ce i\u015b\u0107 w parze z trosk\u0105 o planet\u0119.<\/li>\n<\/ul>\n<hr data-sourcepos=\"24:1-24:3\" \/>\n<h3 data-sourcepos=\"26:1-26:47\">Stw\u00f3rz Przestrze\u0144 Pe\u0142n\u0105 Delikatnego \u015awiat\u0142a<\/h3>\n<p data-sourcepos=\"28:1-28:358\">Niezale\u017cnie od tego, czy projektujesz nowoczesny basen o subtelnej elegancji, \u0142azienk\u0119 w stylu scandi, czy chcesz doda\u0107 unikalny, spokojny akcent do kuchni, <strong>mozaika szklana Ezarri 2522-B 25<\/strong> to wyb\u00f3r, kt\u00f3ry gwarantuje spektakularny efekt. Jej wszechstronno\u015b\u0107 i niezr\u00f3wnana jako\u015b\u0107 sprawi\u0105, \u017ce Twoja przestrze\u0144 b\u0119dzie emanowa\u0107 wyj\u0105tkowym pi\u0119knem i harmoni\u0105.<\/p>\n<p data-sourcepos=\"28:1-28:358\">Cena za m2.<\/p>\n","protected":false},"excerpt":{"rendered":"<p>Ezarri 2522-B 25: Odkryj Subtelny Urok &#8222;Brudnej Bieli&#8220; w Szklanej Mozaice Wprowad\u017a do swojej przestrzeni nowoczesn\u0105 elegancj\u0119 i subtelny blask z mozaik\u0105 szklan\u0105 Ezarri 2522-B 25. To wyj\u0105tkowy model, charakteryzuj\u0105cy si\u0119 pi\u0119knym odcieniem zgaszonej, &#8222;brudnej&#8220; bieli, kt\u00f3ra tworzy wra\u017cenie mi\u0119kkiego, rozproszonego \u015bwiat\u0142a, idealnie harmonizuj\u0105c z naturalnymi materia\u0142ami i nowoczesnymi aran\u017cacjami. Ezarri, lider w produkcji mozaik&#8230;<\/p>\n","protected":false},"featured_media":1856,"template":"","meta":{"_kad_blocks_custom_css":"","_kad_blocks_head_custom_js":"","_kad_blocks_body_custom_js":"","_kad_blocks_footer_custom_js":"","_kadence_starter_templates_imported_post":false,"_kad_post_transparent":"default","_kad_post_title":"","_kad_post_layout":"default","_kad_post_sidebar_id":"","_kad_post_content_style":"default","_kad_post_vertical_padding":"default","_kad_post_feature":"","_kad_post_feature_position":"","_kad_post_header":false,"_kad_post_footer":false,"_kad_post_classname":""},"product_brand":[58],"product_cat":[57],"product_tag":[59],"class_list":{"0":"post-1855","1":"product","2":"type-product","3":"status-publish","4":"has-post-thumbnail","6":"product_brand-ezarri","7":"product_cat-ezarri","8":"product_tag-mozaika-szklana","10":"first","11":"instock","12":"taxable","13":"shipping-taxable","14":"purchasable","15":"product-type-simple","16":"entry","17":"content-bg","18":"loop-entry"},"taxonomy_info":{"product_brand":[{"value":58,"label":"Ezarri"}],"product_cat":[{"value":57,"label":"Ezarri"}],"product_tag":[{"value":59,"label":"mozaika szklana"}]},"featured_image_src_large":["https:\/\/hesp.pl\/wp-content\/uploads\/2025\/06\/2522-B-NIEBLA-Ezarri-1024x1016.jpg",1024,1016,true],"author_info":[],"comment_info":"","_links":{"self":[{"href":"https:\/\/hesp.pl\/de\/wp-json\/wp\/v2\/product\/1855","targetHints":{"allow":["GET"]}}],"collection":[{"href":"https:\/\/hesp.pl\/de\/wp-json\/wp\/v2\/product"}],"about":[{"href":"https:\/\/hesp.pl\/de\/wp-json\/wp\/v2\/types\/product"}],"wp:featuredmedia":[{"embeddable":true,"href":"https:\/\/hesp.pl\/de\/wp-json\/wp\/v2\/media\/1856"}],"wp:attachment":[{"href":"https:\/\/hesp.pl\/de\/wp-json\/wp\/v2\/media?parent=1855"}],"wp:term":[{"taxonomy":"product_brand","embeddable":true,"href":"https:\/\/hesp.pl\/de\/wp-json\/wp\/v2\/product_brand?post=1855"},{"taxonomy":"product_cat","embeddable":true,"href":"https:\/\/hesp.pl\/de\/wp-json\/wp\/v2\/product_cat?post=1855"},{"taxonomy":"product_tag","embeddable":true,"href":"https:\/\/hesp.pl\/de\/wp-json\/wp\/v2\/product_tag?post=1855"}],"curies":[{"name":"wp","href":"https:\/\/api.w.org\/{rel}","templated":true}]}}