{"id":2209,"date":"2025-06-14T08:55:59","date_gmt":"2025-06-14T08:55:59","guid":{"rendered":"https:\/\/hesp.pl\/?post_type=product&#038;p=2209"},"modified":"2025-06-14T09:00:48","modified_gmt":"2025-06-14T09:00:48","slug":"odkurzacz-basenowy-hayward-sharkvac-xl","status":"publish","type":"product","link":"https:\/\/hesp.pl\/en\/produkt\/odkurzacz-basenowy-hayward-sharkvac-xl\/","title":{"rendered":"Odkurzacz basenowy Hayward SharkVac XL"},"content":{"rendered":"<p data-sourcepos=\"5:1-5:57\"><strong>Hayward SharkVac XL &#8211; Inteligentny, automatyczny odkurzacz basenowy.<\/strong><\/p>\n<p data-sourcepos=\"9:1-9:380\">Marzysz o krystalicznie czystym basenie bez wysi\u0142ku? Hayward SharkVac XL to inteligentny, automatyczny odkurzacz basenowy, kt\u00f3ry zrewolucjonizuje spos\u00f3b dbania o Tw\u00f3j basen. Zaprojektowany z my\u015bl\u0105 o maksymalnej efektywno\u015bci i wygodzie, SharkVac XL samodzielnie, szybko i dok\u0142adnie czy\u015bci dno, \u015bciany oraz lini\u0119 wody w basenach o dowolnym kszta\u0142cie, o powierzchni do 12 x 6 metr\u00f3w.<\/p>\n<p data-sourcepos=\"11:1-11:71\"><strong>Dlaczego Hayward SharkVac XL to najlepszy wyb\u00f3r dla Twojego basenu?<\/strong><\/p>\n<ul data-sourcepos=\"13:1-22:0\">\n<li data-sourcepos=\"13:1-13:318\"><strong>Inteligentne Skanowanie i Precyzyjne Czyszczenie:<\/strong> Wyposa\u017cony w zaawansowan\u0105 technologi\u0119 Quick Clean, SharkVac XL autonomicznie mapuje powierzchni\u0119 basenu, identyfikuj\u0105c najefektywniejsz\u0105 \u015bcie\u017ck\u0119 czyszczenia. Dzi\u0119ki temu \u017caden zakamarek nie zostanie pomini\u0119ty, a basen b\u0119dzie l\u015bni\u0142 czysto\u015bci\u0105 w rekordowym czasie.<\/li>\n<li data-sourcepos=\"14:1-14:241\"><strong>Wielopowierzchniowe Zastosowanie:<\/strong> Bez wzgl\u0119du na to, czy Tw\u00f3j basen jest wy\u0142o\u017cony p\u0142ytkami, winylem, poliestrem czy betonem, SharkVac XL doskonale radzi sobie z ka\u017cd\u0105 powierzchni\u0105, usuwaj\u0105c brud, piasek, li\u015bcie i inne zanieczyszczenia.<\/li>\n<li data-sourcepos=\"15:1-15:178\"><strong>Energooszcz\u0119dno\u015b\u0107:<\/strong> Dzi\u0119ki zoptymalizowanemu zu\u017cyciu energii, SharkVac XL jest nie tylko skuteczny, ale i ekonomiczny w eksploatacji. Zapomnij o wysokich rachunkach za pr\u0105d!<\/li>\n<li data-sourcepos=\"16:1-19:140\"><strong>\u0141atwo\u015b\u0107 U\u017cytkowania i Konserwacji:<\/strong>\n<ul data-sourcepos=\"17:5-19:140\">\n<li data-sourcepos=\"17:5-17:181\"><strong>Dost\u0119p od G\u00f3ry:<\/strong> Wyjmowanie i czyszczenie pojemnik\u00f3w na zanieczyszczenia jest dziecinnie proste dzi\u0119ki dost\u0119powi od g\u00f3ry. Nie musisz ju\u017c odwraca\u0107 odkurzacza ani moczy\u0107 r\u0105k!<\/li>\n<li data-sourcepos=\"18:5-18:190\"><strong>Du\u017ce Pojemniki Filtracyjne:<\/strong> Dwa du\u017ce, \u0142atwe do czyszczenia pojemniki z wk\u0142adami filtruj\u0105cymi o dok\u0142adno\u015bci 5 mikron\u00f3w zapewniaj\u0105 skuteczn\u0105 filtracj\u0119 nawet najdrobniejszych cz\u0105stek.<\/li>\n<li data-sourcepos=\"19:5-19:140\"><strong>Lekka Konstrukcja:<\/strong> Niewielka waga (zaledwie 10 kg) sprawia, \u017ce przenoszenie i wyjmowanie odkurzacza z basenu jest wyj\u0105tkowo \u0142atwe.<\/li>\n<\/ul>\n<\/li>\n<li data-sourcepos=\"20:1-20:182\"><strong>Trwa\u0142o\u015b\u0107 i Niezawodno\u015b\u0107:<\/strong> Produkty Hayward to gwarancja najwy\u017cszej jako\u015bci. SharkVac XL zosta\u0142 zbudowany z wytrzyma\u0142ych materia\u0142\u00f3w, co zapewnia d\u0142ugie lata bezproblemowej pracy.<\/li>\n<li data-sourcepos=\"21:1-22:0\"><strong>Samodzielna Praca:<\/strong> Pod\u0142\u0105cz go, wrzu\u0107 do basenu i pozw\u00f3l mu pracowa\u0107! SharkVac XL nie wymaga pod\u0142\u0105czenia do systemu filtracyjnego basenu, co czyni go w pe\u0142ni autonomicznym urz\u0105dzeniem.<\/li>\n<\/ul>\n<p data-sourcepos=\"23:1-23:28\"><strong>Specyfikacja Techniczna:<\/strong><\/p>\n<ul data-sourcepos=\"25:1-34:0\">\n<li data-sourcepos=\"25:1-25:49\"><strong>Maksymalny rozmiar basenu:<\/strong> do 12 x 6 metr\u00f3w<\/li>\n<li data-sourcepos=\"26:1-26:49\"><strong>Obszar czyszczenia:<\/strong> Dno, \u015bciany, linia wody<\/li>\n<li data-sourcepos=\"27:1-27:52\"><strong>Cykl czyszczenia:<\/strong> 2 godziny (tryb Quick Clean)<\/li>\n<li data-sourcepos=\"28:1-28:30\"><strong>D\u0142ugo\u015b\u0107 kabla:<\/strong> 17 metr\u00f3w<\/li>\n<li data-sourcepos=\"29:1-29:38\"><strong>Dok\u0142adno\u015b\u0107 filtracji:<\/strong> 5 mikron\u00f3w<\/li>\n<li data-sourcepos=\"30:1-30:32\"><strong>Dost\u0119p do filtr\u00f3w:<\/strong> Od g\u00f3ry<\/li>\n<li data-sourcepos=\"31:1-31:17\"><strong>Waga:<\/strong> 10 kg<\/li>\n<li data-sourcepos=\"32:1-32:27\"><strong>Typ nap\u0119du:<\/strong> G\u0105sienice<\/li>\n<li data-sourcepos=\"33:1-34:0\"><strong>Zasilanie:<\/strong> Niskie napi\u0119cie (bezpieczne dla u\u017cytkownika i basenu)<\/li>\n<\/ul>\n<p data-sourcepos=\"35:1-35:19\"><strong>Zestaw zawiera:<\/strong><\/p>\n<ul data-sourcepos=\"37:1-41:0\">\n<li data-sourcepos=\"37:1-37:40\">Odkurzacz basenowy Hayward SharkVac XL<\/li>\n<li data-sourcepos=\"38:1-38:10\">Zasilacz<\/li>\n<li data-sourcepos=\"39:1-39:18\">Kabel zasilaj\u0105cy<\/li>\n<li data-sourcepos=\"40:1-41:0\">2 x wk\u0142ad filtruj\u0105cy (dok\u0142adno\u015b\u0107 5 mikron\u00f3w)<\/li>\n<\/ul>\n<p data-sourcepos=\"42:1-42:80\">Hayward SharkVac XL &#8211; ciesz si\u0119 czystym basenem bez wysi\u0142ku.<\/p>\n<p><em>Firma <strong>Hayward<\/strong> to wiod\u0105cy producent wysokiej jako\u015bci urz\u0105dze\u0144 basenowych, oferuj\u0105cy kompleksowe rozwi\u0105zania dla ka\u017cdego w\u0142a\u015bciciela basenu. Ich produkty, od pomp i filtr\u00f3w po systemy grzewcze i automatyk\u0119, zapewniaj\u0105 nie tylko krystalicznie czyst\u0105 wod\u0119, ale tak\u017ce maksymalny komfort i \u0142atwo\u015b\u0107 konserwacji. Wybieraj\u0105c Hayward, inwestujesz w niezawodno\u015b\u0107 i innowacyjno\u015b\u0107, co przek\u0142ada si\u0119 na lata beztroskiego u\u017cytkowania basenu.<\/em><\/p>\n<p data-sourcepos=\"42:1-42:80\">Wszystkie elektroniczne akcesoria basenowe dostarczamy osobi\u015bcie &#8211; uruchamiamy, szkolimy z obs\u0142ugi.<br \/>\nSkontaktuj si\u0119 z nami, je\u015bli jeste\u015b zainteresowany <a href=\"https:\/\/hesp.pl\/contact\/\">KONTAKT<\/a>.<\/p>\n","protected":false},"excerpt":{"rendered":"<p>Hayward SharkVac XL &#8211; Inteligentny, automatyczny odkurzacz basenowy. Marzysz o krystalicznie czystym basenie bez wysi\u0142ku? Hayward SharkVac XL to inteligentny, automatyczny odkurzacz basenowy, kt\u00f3ry zrewolucjonizuje spos\u00f3b dbania o Tw\u00f3j basen. Zaprojektowany z my\u015bl\u0105 o maksymalnej efektywno\u015bci i wygodzie, SharkVac XL samodzielnie, szybko i dok\u0142adnie czy\u015bci dno, \u015bciany oraz lini\u0119 wody w basenach o dowolnym kszta\u0142cie,&#8230;<\/p>\n","protected":false},"featured_media":2210,"template":"","meta":{"_kad_blocks_custom_css":"","_kad_blocks_head_custom_js":"","_kad_blocks_body_custom_js":"","_kad_blocks_footer_custom_js":"","_kadence_starter_templates_imported_post":false,"_kad_post_transparent":"default","_kad_post_title":"","_kad_post_layout":"default","_kad_post_sidebar_id":"","_kad_post_content_style":"default","_kad_post_vertical_padding":"default","_kad_post_feature":"","_kad_post_feature_position":"","_kad_post_header":false,"_kad_post_footer":false,"_kad_post_classname":""},"product_brand":[62],"product_cat":[64],"product_tag":[63],"class_list":{"0":"post-2209","1":"product","2":"type-product","3":"status-publish","4":"has-post-thumbnail","6":"product_brand-hayward","7":"product_cat-odkurzacz-basenowy","8":"product_tag-akcesoria-basenowe","10":"first","11":"instock","12":"taxable","13":"shipping-taxable","14":"purchasable","15":"product-type-simple","16":"entry","17":"content-bg","18":"loop-entry"},"taxonomy_info":{"product_brand":[{"value":62,"label":"Hayward"}],"product_cat":[{"value":64,"label":"odkurzacz basenowy"}],"product_tag":[{"value":63,"label":"akcesoria basenowe"}]},"featured_image_src_large":["https:\/\/hesp.pl\/wp-content\/uploads\/2025\/06\/odkurzacz-basenowy-Hayward-1024x1024.png",1024,1024,true],"author_info":[],"comment_info":"","_links":{"self":[{"href":"https:\/\/hesp.pl\/en\/wp-json\/wp\/v2\/product\/2209","targetHints":{"allow":["GET"]}}],"collection":[{"href":"https:\/\/hesp.pl\/en\/wp-json\/wp\/v2\/product"}],"about":[{"href":"https:\/\/hesp.pl\/en\/wp-json\/wp\/v2\/types\/product"}],"wp:featuredmedia":[{"embeddable":true,"href":"https:\/\/hesp.pl\/en\/wp-json\/wp\/v2\/media\/2210"}],"wp:attachment":[{"href":"https:\/\/hesp.pl\/en\/wp-json\/wp\/v2\/media?parent=2209"}],"wp:term":[{"taxonomy":"product_brand","embeddable":true,"href":"https:\/\/hesp.pl\/en\/wp-json\/wp\/v2\/product_brand?post=2209"},{"taxonomy":"product_cat","embeddable":true,"href":"https:\/\/hesp.pl\/en\/wp-json\/wp\/v2\/product_cat?post=2209"},{"taxonomy":"product_tag","embeddable":true,"href":"https:\/\/hesp.pl\/en\/wp-json\/wp\/v2\/product_tag?post=2209"}],"curies":[{"name":"wp","href":"https:\/\/api.w.org\/{rel}","templated":true}]}}